{"id":283,"date":"2021-03-20T12:40:17","date_gmt":"2021-03-20T11:40:17","guid":{"rendered":"https:\/\/invertixbcn.com\/?page_id=283"},"modified":"2021-04-07T19:36:20","modified_gmt":"2021-04-07T17:36:20","slug":"servicios-a-propietarios-2","status":"publish","type":"page","link":"https:\/\/invertixbcn.com\/?page_id=283","title":{"rendered":"Servicios a propietarios"},"content":{"rendered":"\n<div class=\"wp-block-media-text alignwide is-stacked-on-mobile is-vertically-aligned-top\"><figure class=\"wp-block-media-text__media\"><img loading=\"lazy\" decoding=\"async\" width=\"500\" height=\"333\" src=\"https:\/\/invertixbcn.com\/wp-content\/uploads\/2021\/03\/pexels-fauxels-3184465-1.jpg\" alt=\"\" class=\"wp-image-293 size-full\" srcset=\"https:\/\/invertixbcn.com\/wp-content\/uploads\/2021\/03\/pexels-fauxels-3184465-1.jpg 500w, https:\/\/invertixbcn.com\/wp-content\/uploads\/2021\/03\/pexels-fauxels-3184465-1-300x200.jpg 300w\" sizes=\"auto, (max-width: 500px) 100vw, 500px\" \/><\/figure><div class=\"wp-block-media-text__content\">\n<ul class=\"wp-block-list\"><li><strong>CONSULTOR\u00cdA Y VALORACI\u00d3N GRATUITA EN LOS PROCESOS DE VENTA Y ALQUILER DE INMUEBLES:<\/strong><\/li><\/ul>\n\n\n\n<p>Conozca el precio actual de su vivienda y\/o local, realizamos una valoraci\u00f3n de mercado gratuita.<\/p>\n\n\n\n<p>Le asesoramos c\u00f3mo vender o alquilar mejor su inmueble, cu\u00e1les son las ventajas fiscales o financieras que puede obtener y le acompa\u00f1amos en todo el proceso seleccionado.<\/p>\n\n\n\n<p>Dise\u00f1amos un plan de marketing personalizado destacando las potencialidades de su inmueble.<\/p>\n\n\n\n<p>La venta o alquiler de su inmueble es un tr\u00e1mite muy importante que necesita de un profesional titulado y con experiencia.<\/p>\n\n\n\n<p><strong>Asesores Inmobiliarios Invertix<\/strong>, le ofrece un servicio integral y eficiente mediante la utilizaci\u00f3n de los mejores recursos en su proyecto de venta o alquiler de su propiedad.<\/p>\n\n\n\n<ul class=\"wp-block-list\"><li><strong>PUBLICACI\u00d3N DE INMUEBLES<\/strong><\/li><\/ul>\n\n\n\n<p>Anunciamos su inmueble en los principales portales inmobiliarios nacionales, as\u00ed como en nuestra agencia local.<\/p>\n<\/div><\/div>\n\n\n\n<div class=\"wp-block-media-text alignwide has-media-on-the-right is-stacked-on-mobile is-vertically-aligned-top\"><figure class=\"wp-block-media-text__media\"><img loading=\"lazy\" decoding=\"async\" width=\"640\" height=\"426\" src=\"https:\/\/invertixbcn.com\/wp-content\/uploads\/2021\/04\/laptop-3196481_640.jpg\" alt=\"\" class=\"wp-image-425 size-full\" srcset=\"https:\/\/invertixbcn.com\/wp-content\/uploads\/2021\/04\/laptop-3196481_640.jpg 640w, https:\/\/invertixbcn.com\/wp-content\/uploads\/2021\/04\/laptop-3196481_640-300x200.jpg 300w\" sizes=\"auto, (max-width: 640px) 100vw, 640px\" \/><\/figure><div class=\"wp-block-media-text__content\">\n<ul class=\"wp-block-list\"><li><strong>TRAMITACI\u00d3N DE C\u00c9DULA DE HABITABILIDAD Y CERTIFICADO ENERG\u00c9TICO<\/strong><\/li><\/ul>\n\n\n\n<p>Para la venta o alquiler de su vivienda o local, es absolutamente necesaria la obtenci\u00f3n de la C\u00e9dula de Habitabilidad y el Certificado Energ\u00e9tico, estos documentos los debe realizar un t\u00e9cnico competente y son emitidos por la agencia de la vivienda. Nuestro despacho podr\u00e1 tramitar \u00e1gilmente ambos documentos.<\/p>\n\n\n\n<ul class=\"wp-block-list\"><li><strong>SERVICIO FOTOGR\u00c1FICO<\/strong><\/li><\/ul>\n\n\n\n<p>Realizamos los mejores reportajes fotogr\u00e1ficos profesionales adaptados al estilo de su piso, local, vivienda,etc.<\/p>\n\n\n\n<ul class=\"wp-block-list\"><li><strong>VISITAS Y ACOMPA\u00d1AMIENTO<\/strong><\/li><\/ul>\n\n\n\n<p>Asesoramos y acompa\u00f1amos a nuestros clientes durante todo el proceso de venta o alquiler, manteni\u00e9ndolo informado sobre las visitas realizadas semanalmente, comportamiento del mercado, y cualquier eventualidad que surja en el transcurso de la operaci\u00f3n.<\/p>\n\n\n\n<p>Realizamos toda la gesti\u00f3n ante el organismo que se encarga de gestionar las fianzas de los alquileres en Catalu\u00f1a, el INCASOL.<\/p>\n<\/div><\/div>\n","protected":false},"excerpt":{"rendered":"<p>CONSULTOR\u00cdA Y VALORACI\u00d3N GRATUITA EN LOS PROCESOS DE VENTA Y ALQUILER DE INMUEBLES: Conozca el precio actual de su vivienda y\/o local, realizamos una valoraci\u00f3n de mercado gratuita. Le asesoramos c\u00f3mo vender o alquilar mejor su inmueble, cu\u00e1les son las ventajas fiscales o financieras que puede obtener y le acompa\u00f1amos en todo el proceso seleccionado.&hellip; <a class=\"more-link\" href=\"https:\/\/invertixbcn.com\/?page_id=283\">Seguir leyendo <span class=\"screen-reader-text\">Servicios a propietarios<\/span><\/a><\/p>\n","protected":false},"author":1,"featured_media":0,"parent":0,"menu_order":0,"comment_status":"closed","ping_status":"closed","template":"","meta":{"footnotes":""},"class_list":["post-283","page","type-page","status-publish","hentry","entry"],"_links":{"self":[{"href":"https:\/\/invertixbcn.com\/index.php?rest_route=\/wp\/v2\/pages\/283","targetHints":{"allow":["GET"]}}],"collection":[{"href":"https:\/\/invertixbcn.com\/index.php?rest_route=\/wp\/v2\/pages"}],"about":[{"href":"https:\/\/invertixbcn.com\/index.php?rest_route=\/wp\/v2\/types\/page"}],"author":[{"embeddable":true,"href":"https:\/\/invertixbcn.com\/index.php?rest_route=\/wp\/v2\/users\/1"}],"replies":[{"embeddable":true,"href":"https:\/\/invertixbcn.com\/index.php?rest_route=%2Fwp%2Fv2%2Fcomments&post=283"}],"version-history":[{"count":5,"href":"https:\/\/invertixbcn.com\/index.php?rest_route=\/wp\/v2\/pages\/283\/revisions"}],"predecessor-version":[{"id":426,"href":"https:\/\/invertixbcn.com\/index.php?rest_route=\/wp\/v2\/pages\/283\/revisions\/426"}],"wp:attachment":[{"href":"https:\/\/invertixbcn.com\/index.php?rest_route=%2Fwp%2Fv2%2Fmedia&parent=283"}],"curies":[{"name":"wp","href":"https:\/\/api.w.org\/{rel}","templated":true}]}}