{"id":286,"date":"2021-03-20T12:43:06","date_gmt":"2021-03-20T11:43:06","guid":{"rendered":"https:\/\/invertixbcn.com\/?page_id=286"},"modified":"2021-03-20T13:11:56","modified_gmt":"2021-03-20T12:11:56","slug":"servicios-a-compradores-o-inquilinos","status":"publish","type":"page","link":"https:\/\/invertixbcn.com\/?page_id=286","title":{"rendered":"Servicios a Compradores o Inquilinos"},"content":{"rendered":"\n<p><strong>SERVICIOS A COMPRADORES E INQUILINOS<\/strong><\/p>\n\n\n\n<div class=\"wp-block-media-text alignwide has-media-on-the-right is-stacked-on-mobile is-vertically-aligned-top\"><figure class=\"wp-block-media-text__media\"><img loading=\"lazy\" decoding=\"async\" width=\"300\" height=\"300\" src=\"https:\/\/invertixbcn.com\/wp-content\/uploads\/2021\/03\/pexels-colour-creation-112811-300x300.jpg\" alt=\"\" class=\"wp-image-292 size-medium\" srcset=\"https:\/\/invertixbcn.com\/wp-content\/uploads\/2021\/03\/pexels-colour-creation-112811-300x300.jpg 300w, https:\/\/invertixbcn.com\/wp-content\/uploads\/2021\/03\/pexels-colour-creation-112811-150x150.jpg 150w, https:\/\/invertixbcn.com\/wp-content\/uploads\/2021\/03\/pexels-colour-creation-112811.jpg 500w\" sizes=\"auto, (max-width: 300px) 100vw, 300px\" \/><\/figure><div class=\"wp-block-media-text__content\">\n<ul class=\"wp-block-list\"><li><strong>BUSCAMOS EL INMUEBLE QUE USTED NECESITA<\/strong><\/li><\/ul>\n\n\n\n<p>Estamos buscando propiedades para usted. Con una visita personal, tomamos nota de sus preferencias y le asesoramos sobre las mejores opciones que ofrece el mercado, y en la mayor brevedad posible recibir\u00e1 varias opciones adaptadas a sus necesidades.<\/p>\n\n\n\n<ul class=\"wp-block-list\"><li><strong>OFRECEMOS INMUEBLES CON LAS MEJORES CONDICIONES DEL MERCADO<\/strong><\/li><\/ul>\n\n\n\n<p>Ofrecemos a la venta o alquiler, propiedades en exclusiva ubicadas en las mejores zonas del barrio del Poblenou.<\/p>\n\n\n\n<p>Si desea adquirir un inmueble como inversi\u00f3n, le ayudamos a escoger la estrategia de inversi\u00f3n inmobiliaria m\u00e1s adecuada, minimizando los riesgos de la operaci\u00f3n y maximizando la rentabilidad.<\/p>\n<\/div><\/div>\n\n\n\n<div class=\"wp-block-media-text alignwide is-stacked-on-mobile is-vertically-aligned-top\"><figure class=\"wp-block-media-text__media\"><img loading=\"lazy\" decoding=\"async\" width=\"500\" height=\"750\" src=\"https:\/\/invertixbcn.com\/wp-content\/uploads\/2021\/03\/pexels-maksim-goncharenok-4352247.jpg\" alt=\"\" class=\"wp-image-294 size-full\" srcset=\"https:\/\/invertixbcn.com\/wp-content\/uploads\/2021\/03\/pexels-maksim-goncharenok-4352247.jpg 500w, https:\/\/invertixbcn.com\/wp-content\/uploads\/2021\/03\/pexels-maksim-goncharenok-4352247-200x300.jpg 200w\" sizes=\"auto, (max-width: 500px) 100vw, 500px\" \/><\/figure><div class=\"wp-block-media-text__content\">\n<ul class=\"wp-block-list\"><li><strong>LE ASESORAMOS SOBRE LAS DISTINTAS OPCIONES <\/strong><strong>DE PAGO <\/strong><strong>EN LA COMPRA DE SU INMUEBLE<\/strong><\/li><\/ul>\n\n\n\n<p>La hipoteca es la forma m\u00e1s habitual para financiar la adquisici\u00f3n de un inmueble, sin embargo no siempre es posible acceder debido a las condiciones que establecen los bancos, en cada caso le sugerimos sobre la mejor opci\u00f3n.<\/p>\n\n\n\n<ul class=\"wp-block-list\"><li><strong>LE INFORMAMOS SOBRE EL ESTADO DE LA PROPIEDAD A ADQUIRIR<\/strong><\/li><\/ul>\n\n\n\n<p>Realizamos la verificaci\u00f3n en el Registro de la Propiedad, sobre posibles cargas que pudiera tener el inmueble que desea obtener.<\/p>\n\n\n\n<ul class=\"wp-block-list\"><li><strong>LE ACOMPA\u00d1AMOS <\/strong><strong>EN TODO<\/strong><strong> EL PROCESO DE COMPRA<\/strong><strong> O ALQUILER<\/strong><\/li><\/ul>\n\n\n\n<p>Efectuamos las visitas a los inmuebles de su preferencia, elaboramos los contratos de reserva, arras, contratos de compra-venta, contratos de alquiler y acompa\u00f1amos a la escritura p\u00fablica ante el Notario.<\/p>\n<\/div><\/div>\n","protected":false},"excerpt":{"rendered":"<p>SERVICIOS A COMPRADORES E INQUILINOS BUSCAMOS EL INMUEBLE QUE USTED NECESITA Estamos buscando propiedades para usted. Con una visita personal, tomamos nota de sus preferencias y le asesoramos sobre las mejores opciones que ofrece el mercado, y en la mayor brevedad posible recibir\u00e1 varias opciones adaptadas a sus necesidades. OFRECEMOS INMUEBLES CON LAS MEJORES CONDICIONES&hellip; <a class=\"more-link\" href=\"https:\/\/invertixbcn.com\/?page_id=286\">Seguir leyendo <span class=\"screen-reader-text\">Servicios a Compradores o Inquilinos<\/span><\/a><\/p>\n","protected":false},"author":1,"featured_media":0,"parent":0,"menu_order":0,"comment_status":"closed","ping_status":"closed","template":"","meta":{"footnotes":""},"class_list":["post-286","page","type-page","status-publish","hentry","entry"],"_links":{"self":[{"href":"https:\/\/invertixbcn.com\/index.php?rest_route=\/wp\/v2\/pages\/286","targetHints":{"allow":["GET"]}}],"collection":[{"href":"https:\/\/invertixbcn.com\/index.php?rest_route=\/wp\/v2\/pages"}],"about":[{"href":"https:\/\/invertixbcn.com\/index.php?rest_route=\/wp\/v2\/types\/page"}],"author":[{"embeddable":true,"href":"https:\/\/invertixbcn.com\/index.php?rest_route=\/wp\/v2\/users\/1"}],"replies":[{"embeddable":true,"href":"https:\/\/invertixbcn.com\/index.php?rest_route=%2Fwp%2Fv2%2Fcomments&post=286"}],"version-history":[{"count":5,"href":"https:\/\/invertixbcn.com\/index.php?rest_route=\/wp\/v2\/pages\/286\/revisions"}],"predecessor-version":[{"id":302,"href":"https:\/\/invertixbcn.com\/index.php?rest_route=\/wp\/v2\/pages\/286\/revisions\/302"}],"wp:attachment":[{"href":"https:\/\/invertixbcn.com\/index.php?rest_route=%2Fwp%2Fv2%2Fmedia&parent=286"}],"curies":[{"name":"wp","href":"https:\/\/api.w.org\/{rel}","templated":true}]}}