{"id":312,"date":"2021-03-24T09:56:28","date_gmt":"2021-03-24T08:56:28","guid":{"rendered":"https:\/\/invertixbcn.com\/?page_id=312"},"modified":"2021-04-07T19:37:21","modified_gmt":"2021-04-07T17:37:21","slug":"serveis-a-propietaris","status":"publish","type":"page","link":"https:\/\/invertixbcn.com\/?page_id=312&lang=ca","title":{"rendered":"Serveis a Propietaris"},"content":{"rendered":"\n<div class=\"wp-block-media-text alignwide is-stacked-on-mobile is-vertically-aligned-top\"><figure class=\"wp-block-media-text__media\"><img loading=\"lazy\" decoding=\"async\" width=\"500\" height=\"333\" src=\"https:\/\/invertixbcn.com\/wp-content\/uploads\/2021\/03\/pexels-fauxels-3184465-1.jpg\" alt=\"\" class=\"wp-image-293 size-full\" srcset=\"https:\/\/invertixbcn.com\/wp-content\/uploads\/2021\/03\/pexels-fauxels-3184465-1.jpg 500w, https:\/\/invertixbcn.com\/wp-content\/uploads\/2021\/03\/pexels-fauxels-3184465-1-300x200.jpg 300w\" sizes=\"auto, (max-width: 500px) 100vw, 500px\" \/><\/figure><div class=\"wp-block-media-text__content\">\n<ul class=\"wp-block-list\"><li><strong>CONSULTORIA I VALORACI\u00d3 GRATU\u00cfTA EN ELS PROCESSOS DE VENDA I LLOGUER D&#8217;IMMOBLES:<\/strong><\/li><\/ul>\n\n\n\n<p>Conegui el preu actual del seu habitatge i\/o local, realitzem una valoraci\u00f3 de mercat gratu\u00efta.<\/p>\n\n\n\n<p>L&#8217;assessorem com vendre o llogar millor el seu immoble, quins s\u00f3n els avantatges fiscals o financeres que pot obtenir i li acompanyem en tot el proc\u00e9s seleccionat.<\/p>\n\n\n\n<p>Dissenyem un pla de m\u00e0rqueting personalitzat destacant les potencialitats del seu immoble.<\/p>\n\n\n\n<p>La venda o lloguer del seu immoble \u00e9s un tr\u00e0mit molt important que necessita d&#8217;un professional titulat i amb experi\u00e8ncia.<\/p>\n\n\n\n<p>Assessors Immobiliaris *Invertix, li ofereix un servei integral i eficient mitjan\u00e7ant la utilitzaci\u00f3 dels millors recursos en el seu projecte de venda o lloguer de la seva propietat.<\/p>\n\n\n\n<ul class=\"wp-block-list\"><li><strong> PUBLICACI\u00d3 D&#8217;IMMOBLES<\/strong><\/li><\/ul>\n\n\n\n<p>Anunciem el seu immoble en els principals portals immobiliaris nacionals, aix\u00ed com en la nostra ag\u00e8ncia local.<\/p>\n<\/div><\/div>\n\n\n\n<div class=\"wp-block-media-text alignwide has-media-on-the-right is-stacked-on-mobile is-vertically-aligned-top\"><figure class=\"wp-block-media-text__media\"><img loading=\"lazy\" decoding=\"async\" width=\"640\" height=\"426\" src=\"https:\/\/invertixbcn.com\/wp-content\/uploads\/2021\/04\/laptop-3196481_640.jpg\" alt=\"\" class=\"wp-image-425 size-full\" srcset=\"https:\/\/invertixbcn.com\/wp-content\/uploads\/2021\/04\/laptop-3196481_640.jpg 640w, https:\/\/invertixbcn.com\/wp-content\/uploads\/2021\/04\/laptop-3196481_640-300x200.jpg 300w\" sizes=\"auto, (max-width: 640px) 100vw, 640px\" \/><\/figure><div class=\"wp-block-media-text__content\">\n<ul class=\"wp-block-list\"><li><strong>TRAMITACI\u00d3 DE C\u00c8DULA D&#8217;HABITABILITAT I CERTIFICAT ENERG\u00c8TIC<\/strong><\/li><\/ul>\n\n\n\n<p>Per a la venda o lloguer del seu habitatge o local, \u00e9s absolutament necess\u00e0ria l&#8217;obtenci\u00f3 de la C\u00e8dula d&#8217;Habitabilitat i el Certificat Energ\u00e8tic, aquests documents els ha de realitzar un t\u00e8cnic competent i s\u00f3n emesos per l&#8217;ag\u00e8ncia de l&#8217;habitatge. El nostre despatx podr\u00e0 tramitar \u00e0gilment tots dos documents.<\/p>\n\n\n\n<ul class=\"wp-block-list\"><li><strong> SERVEI FOTOGR\u00c0FIC<\/strong><\/li><\/ul>\n\n\n\n<p>Realitzem els millors reportatges fotogr\u00e0fics professionals adaptats a l&#8217;estil del seu pis, local, habitatge,etc.<\/p>\n\n\n\n<ul class=\"wp-block-list\"><li><strong> VISITES I ACOMPANYAMENT<\/strong><\/li><\/ul>\n\n\n\n<p>Assessorem i acompanyem als nostres clients durant tot el proc\u00e9s de venda o lloguer, mantenint-lo informat sobre les visites realitzades setmanalment,<\/p>\n\n\n\n<p>comportament del mercat, i qualsevol eventualitat que sorgeixi en el transcurs de l&#8217;operaci\u00f3.<\/p>\n\n\n\n<p>Realitzem tota la gesti\u00f3 davant l&#8217;organisme que s&#8217;encarrega de gestionar les fiances dels lloguers a Catalunya, el INCASOL.<\/p>\n<\/div><\/div>\n","protected":false},"excerpt":{"rendered":"<p>CONSULTORIA I VALORACI\u00d3 GRATU\u00cfTA EN ELS PROCESSOS DE VENDA I LLOGUER D&#8217;IMMOBLES: Conegui el preu actual del seu habitatge i\/o local, realitzem una valoraci\u00f3 de mercat gratu\u00efta. L&#8217;assessorem com vendre o llogar millor el seu immoble, quins s\u00f3n els avantatges fiscals o financeres que pot obtenir i li acompanyem en tot el proc\u00e9s seleccionat. Dissenyem&hellip; <a class=\"more-link\" href=\"https:\/\/invertixbcn.com\/?page_id=312&#038;lang=ca\">Seguir leyendo <span class=\"screen-reader-text\">Serveis a Propietaris<\/span><\/a><\/p>\n","protected":false},"author":1,"featured_media":0,"parent":0,"menu_order":0,"comment_status":"closed","ping_status":"closed","template":"","meta":{"footnotes":""},"class_list":["post-312","page","type-page","status-publish","hentry","entry"],"_links":{"self":[{"href":"https:\/\/invertixbcn.com\/index.php?rest_route=\/wp\/v2\/pages\/312","targetHints":{"allow":["GET"]}}],"collection":[{"href":"https:\/\/invertixbcn.com\/index.php?rest_route=\/wp\/v2\/pages"}],"about":[{"href":"https:\/\/invertixbcn.com\/index.php?rest_route=\/wp\/v2\/types\/page"}],"author":[{"embeddable":true,"href":"https:\/\/invertixbcn.com\/index.php?rest_route=\/wp\/v2\/users\/1"}],"replies":[{"embeddable":true,"href":"https:\/\/invertixbcn.com\/index.php?rest_route=%2Fwp%2Fv2%2Fcomments&post=312"}],"version-history":[{"count":2,"href":"https:\/\/invertixbcn.com\/index.php?rest_route=\/wp\/v2\/pages\/312\/revisions"}],"predecessor-version":[{"id":427,"href":"https:\/\/invertixbcn.com\/index.php?rest_route=\/wp\/v2\/pages\/312\/revisions\/427"}],"wp:attachment":[{"href":"https:\/\/invertixbcn.com\/index.php?rest_route=%2Fwp%2Fv2%2Fmedia&parent=312"}],"curies":[{"name":"wp","href":"https:\/\/api.w.org\/{rel}","templated":true}]}}