{"id":316,"date":"2021-03-24T10:03:16","date_gmt":"2021-03-24T09:03:16","guid":{"rendered":"https:\/\/invertixbcn.com\/?page_id=316"},"modified":"2021-03-24T10:03:18","modified_gmt":"2021-03-24T09:03:18","slug":"serveis-a-compradors-i-llogaters","status":"publish","type":"page","link":"https:\/\/invertixbcn.com\/?page_id=316&lang=ca","title":{"rendered":"Serveis a compradors i Llogaters"},"content":{"rendered":"\n<p><\/p>\n\n\n\n<div class=\"wp-block-media-text alignwide has-media-on-the-right is-stacked-on-mobile is-vertically-aligned-top\"><figure class=\"wp-block-media-text__media\"><img loading=\"lazy\" decoding=\"async\" width=\"300\" height=\"300\" src=\"https:\/\/invertixbcn.com\/wp-content\/uploads\/2021\/03\/pexels-colour-creation-112811-300x300.jpg\" alt=\"\" class=\"wp-image-292 size-medium\" srcset=\"https:\/\/invertixbcn.com\/wp-content\/uploads\/2021\/03\/pexels-colour-creation-112811-300x300.jpg 300w, https:\/\/invertixbcn.com\/wp-content\/uploads\/2021\/03\/pexels-colour-creation-112811-150x150.jpg 150w, https:\/\/invertixbcn.com\/wp-content\/uploads\/2021\/03\/pexels-colour-creation-112811.jpg 500w\" sizes=\"auto, (max-width: 300px) 100vw, 300px\" \/><\/figure><div class=\"wp-block-media-text__content\">\n<ul class=\"wp-block-list\"><li><strong>BUSQUEM L&#8217;IMMOBLE QUE VOST\u00c8 NECESSITA<\/strong><\/li><\/ul>\n\n\n\n<p>Estem buscant propietats per a vost\u00e8. Amb una visita personal, prenem nota de les seves prefer\u00e8ncies i l&#8217;assessorem sobre les millors opcions que ofereix el mercat, i en la major brevetat possible rebr\u00e0 diverses opcions adaptades a les seves necessitats.<\/p>\n\n\n\n<ul class=\"wp-block-list\"><li><strong>OFERIM IMMOBLES AMB LES MILLORS CONDICIONS DEL MERCAT<\/strong><\/li><\/ul>\n\n\n\n<p>Oferim a la venda o lloguer, propietats en exclusiva situades en les millors zones del barri del Poblenou.<\/p>\n\n\n\n<p>Si desitja adquirir un immoble com a inversi\u00f3, l&#8217;ajudem a triar l&#8217;estrat\u00e8gia d&#8217;inversi\u00f3 immobili\u00e0ria m\u00e9s adequada, minimitzant els riscos de l&#8217;operaci\u00f3 i maximitzant la rendibilitat.<\/p>\n<\/div><\/div>\n\n\n\n<div class=\"wp-block-media-text alignwide is-stacked-on-mobile is-vertically-aligned-top\"><figure class=\"wp-block-media-text__media\"><img loading=\"lazy\" decoding=\"async\" width=\"500\" height=\"750\" src=\"https:\/\/invertixbcn.com\/wp-content\/uploads\/2021\/03\/pexels-maksim-goncharenok-4352247.jpg\" alt=\"\" class=\"wp-image-294 size-full\" srcset=\"https:\/\/invertixbcn.com\/wp-content\/uploads\/2021\/03\/pexels-maksim-goncharenok-4352247.jpg 500w, https:\/\/invertixbcn.com\/wp-content\/uploads\/2021\/03\/pexels-maksim-goncharenok-4352247-200x300.jpg 200w\" sizes=\"auto, (max-width: 500px) 100vw, 500px\" \/><\/figure><div class=\"wp-block-media-text__content\">\n<ul class=\"wp-block-list\"><li><strong>L&#8217;ASSESSOREM SOBRE LES DIFERENTS OPCIONS DE PAGAMENT EN LA COMPRA DEL SEU IMMOBLE<\/strong><\/li><\/ul>\n\n\n\n<p>La hipoteca \u00e9s la forma m\u00e9s habitual per a finan\u00e7ar l&#8217;adquisici\u00f3 d&#8217;un immoble, no obstant aix\u00f2 no sempre \u00e9s possible accedir a causa de les condicions que estableixen els bancs, en cada cas li suggerim sobre la millor opci\u00f3.<\/p>\n\n\n\n<ul class=\"wp-block-list\"><li><strong>L&#8217;INFORMEM SOBRE L&#8217;ESTAT DE LA PROPIETAT A ADQUIRIR<\/strong><\/li><\/ul>\n\n\n\n<p>Realitzem la verificaci\u00f3 en el Registre de la Propietat, sobre possibles c\u00e0rregues que pogu\u00e9s tenir l&#8217;immoble que desitja obtenir.<\/p>\n\n\n\n<ul class=\"wp-block-list\"><li><strong>LI ACOMPANYEM EN TOT EL PROC\u00c9S DE COMPRA O LLOGUER<\/strong><\/li><\/ul>\n\n\n\n<p>Efectuem les visites als immobles de la seva prefer\u00e8ncia, elaborem els contractes de reserva, arres, contractes de compra-venda, contractes de lloguer i acompanyem a l&#8217;escriptura p\u00fablica davant el Notari.<\/p>\n<\/div><\/div>\n","protected":false},"excerpt":{"rendered":"<p>BUSQUEM L&#8217;IMMOBLE QUE VOST\u00c8 NECESSITA Estem buscant propietats per a vost\u00e8. Amb una visita personal, prenem nota de les seves prefer\u00e8ncies i l&#8217;assessorem sobre les millors opcions que ofereix el mercat, i en la major brevetat possible rebr\u00e0 diverses opcions adaptades a les seves necessitats. OFERIM IMMOBLES AMB LES MILLORS CONDICIONS DEL MERCAT Oferim a&hellip; <a class=\"more-link\" href=\"https:\/\/invertixbcn.com\/?page_id=316&#038;lang=ca\">Seguir leyendo <span class=\"screen-reader-text\">Serveis a compradors i Llogaters<\/span><\/a><\/p>\n","protected":false},"author":1,"featured_media":0,"parent":0,"menu_order":0,"comment_status":"closed","ping_status":"closed","template":"","meta":{"footnotes":""},"class_list":["post-316","page","type-page","status-publish","hentry","entry"],"_links":{"self":[{"href":"https:\/\/invertixbcn.com\/index.php?rest_route=\/wp\/v2\/pages\/316","targetHints":{"allow":["GET"]}}],"collection":[{"href":"https:\/\/invertixbcn.com\/index.php?rest_route=\/wp\/v2\/pages"}],"about":[{"href":"https:\/\/invertixbcn.com\/index.php?rest_route=\/wp\/v2\/types\/page"}],"author":[{"embeddable":true,"href":"https:\/\/invertixbcn.com\/index.php?rest_route=\/wp\/v2\/users\/1"}],"replies":[{"embeddable":true,"href":"https:\/\/invertixbcn.com\/index.php?rest_route=%2Fwp%2Fv2%2Fcomments&post=316"}],"version-history":[{"count":1,"href":"https:\/\/invertixbcn.com\/index.php?rest_route=\/wp\/v2\/pages\/316\/revisions"}],"predecessor-version":[{"id":317,"href":"https:\/\/invertixbcn.com\/index.php?rest_route=\/wp\/v2\/pages\/316\/revisions\/317"}],"wp:attachment":[{"href":"https:\/\/invertixbcn.com\/index.php?rest_route=%2Fwp%2Fv2%2Fmedia&parent=316"}],"curies":[{"name":"wp","href":"https:\/\/api.w.org\/{rel}","templated":true}]}}