{"id":690,"date":"2021-06-15T12:33:07","date_gmt":"2021-06-15T10:33:07","guid":{"rendered":"https:\/\/invertixbcn.com\/?page_id=690"},"modified":"2021-06-15T12:35:56","modified_gmt":"2021-06-15T10:35:56","slug":"listado-alquiler","status":"publish","type":"page","link":"https:\/\/invertixbcn.com\/?page_id=690","title":{"rendered":"Listado Alquiler"},"content":{"rendered":"\n<div class=\"wp-block-columns is-layout-flex wp-container-core-columns-is-layout-9d6595d7 wp-block-columns-is-layout-flex\">\n<div class=\"wp-block-column is-layout-flow wp-block-column-is-layout-flow\"><style>.wp-show-posts-columns#wpsp-666 {margin-left: -1.2em; }.wp-show-posts-columns#wpsp-666 .wp-show-posts-inner {margin: 0 0 1.2em 1.2em; }<\/style><section id=\"wpsp-666\" class=\" wp-show-posts-columns wp-show-posts\" style=\"\"><article class=\" wp-show-posts-single post-582 post type-post status-publish format-standard hentry category-alquiler entry wpsp-col-6\" itemtype=\"http:\/\/schema.org\/CreativeWork\" itemscope><div class=\"wp-show-posts-inner\" style=\"\">\t\t\t\t\t\t<header class=\"wp-show-posts-entry-header\">\n\t\t\t\t\t\t\t<h4 class=\"wp-show-posts-entry-title\" itemprop=\"headline\"><a href=\"https:\/\/invertixbcn.com\/?p=582\" rel=\"bookmark\">Vivienda-Despacho en Sagrera (Ref: Sag)<\/a><\/h4>\t\t\t\t\t\t<\/header><!-- .entry-header -->\n\t\t\t\t\t\t\t\t\t\t\t<div class=\"wp-show-posts-entry-summary\" itemprop=\"text\">\n\t\t\t\t\t\t\t<p>Sagrera, Barcelona Precio: 750 \u20ac\/mes (fianza 2 meses) Caracter\u00edsticas b\u00e1sicas 72 m2&nbsp;construidos59 m2&nbsp;\u00fatiles1 dormitorio&#8230;<\/p>\n\t\t\t\t\t\t<\/div><!-- .entry-summary -->\n\t\t\t\t\t<div class=\"wpsp-read-more\"><a title=\"Vivienda-Despacho en Sagrera (Ref: Sag)\" class=\"wp-show-posts-read-more\" href=\"https:\/\/invertixbcn.com\/?p=582\">Llegir mes...<\/a><\/div><\/div><!-- wp-show-posts-inner --><\/article><div class=\"wpsp-clear\"><\/div><\/section><!-- .wp-show-posts -->\n<\/div>\n<\/div>\n\n\n\n<p><\/p>\n","protected":false},"excerpt":{"rendered":"","protected":false},"author":1,"featured_media":0,"parent":0,"menu_order":0,"comment_status":"closed","ping_status":"closed","template":"","meta":{"footnotes":""},"class_list":["post-690","page","type-page","status-publish","hentry","entry"],"_links":{"self":[{"href":"https:\/\/invertixbcn.com\/index.php?rest_route=\/wp\/v2\/pages\/690","targetHints":{"allow":["GET"]}}],"collection":[{"href":"https:\/\/invertixbcn.com\/index.php?rest_route=\/wp\/v2\/pages"}],"about":[{"href":"https:\/\/invertixbcn.com\/index.php?rest_route=\/wp\/v2\/types\/page"}],"author":[{"embeddable":true,"href":"https:\/\/invertixbcn.com\/index.php?rest_route=\/wp\/v2\/users\/1"}],"replies":[{"embeddable":true,"href":"https:\/\/invertixbcn.com\/index.php?rest_route=%2Fwp%2Fv2%2Fcomments&post=690"}],"version-history":[{"count":2,"href":"https:\/\/invertixbcn.com\/index.php?rest_route=\/wp\/v2\/pages\/690\/revisions"}],"predecessor-version":[{"id":693,"href":"https:\/\/invertixbcn.com\/index.php?rest_route=\/wp\/v2\/pages\/690\/revisions\/693"}],"wp:attachment":[{"href":"https:\/\/invertixbcn.com\/index.php?rest_route=%2Fwp%2Fv2%2Fmedia&parent=690"}],"curies":[{"name":"wp","href":"https:\/\/api.w.org\/{rel}","templated":true}]}}