{"id":92,"date":"2021-03-16T18:26:02","date_gmt":"2021-03-16T17:26:02","guid":{"rendered":"https:\/\/invertixbcn.com\/?page_id=92"},"modified":"2021-03-26T09:50:41","modified_gmt":"2021-03-26T08:50:41","slug":"quienes-somos","status":"publish","type":"page","link":"https:\/\/invertixbcn.com\/?page_id=92","title":{"rendered":"Quienes somos"},"content":{"rendered":"\n<p>Bienvenidos a <strong>Invertix.bcn<\/strong>, su inmobiliaria de confianza.<\/p>\n\n\n\n<div class=\"wp-block-media-text alignwide is-stacked-on-mobile is-vertically-aligned-top\" style=\"grid-template-columns:49% auto\"><figure class=\"wp-block-media-text__media\"><img loading=\"lazy\" decoding=\"async\" width=\"500\" height=\"333\" src=\"https:\/\/invertixbcn.com\/wp-content\/uploads\/2021\/03\/bcn.jpeg\" alt=\"\" class=\"wp-image-345 size-full\" srcset=\"https:\/\/invertixbcn.com\/wp-content\/uploads\/2021\/03\/bcn.jpeg 500w, https:\/\/invertixbcn.com\/wp-content\/uploads\/2021\/03\/bcn-300x200.jpeg 300w\" sizes=\"auto, (max-width: 500px) 100vw, 500px\" \/><\/figure><div class=\"wp-block-media-text__content\">\n<p class=\"has-normal-font-size\">Somos una Agencia de la Propiedad Inmobiliaria situada en el barrio de Poblenou de Barcelona, con m\u00e1s de 25 a\u00f1os de experiencia en la intermediaci\u00f3n de ventas y alquileres de inmuebles en el barrio del Poblenou, Distrito de San Mart\u00edn. Nuestro objetivo principal es ofrecer el mejor servicio a todos nuestros clientes a trav\u00e9s de una larga y s\u00f3lida experiencia, cumplimiento y conocimiento del sector.<\/p>\n<\/div><\/div>\n\n\n\n<p><\/p>\n","protected":false},"excerpt":{"rendered":"<p>Bienvenidos a Invertix.bcn, su inmobiliaria de confianza. Somos una Agencia de la Propiedad Inmobiliaria situada en el barrio de Poblenou de Barcelona, con m\u00e1s de 25 a\u00f1os de experiencia en la intermediaci\u00f3n de ventas y alquileres de inmuebles en el barrio del Poblenou, Distrito de San Mart\u00edn. Nuestro objetivo principal es ofrecer el mejor servicio&hellip; <a class=\"more-link\" href=\"https:\/\/invertixbcn.com\/?page_id=92\">Seguir leyendo <span class=\"screen-reader-text\">Quienes somos<\/span><\/a><\/p>\n","protected":false},"author":1,"featured_media":0,"parent":0,"menu_order":0,"comment_status":"closed","ping_status":"closed","template":"","meta":{"footnotes":""},"class_list":["post-92","page","type-page","status-publish","hentry","entry"],"_links":{"self":[{"href":"https:\/\/invertixbcn.com\/index.php?rest_route=\/wp\/v2\/pages\/92","targetHints":{"allow":["GET"]}}],"collection":[{"href":"https:\/\/invertixbcn.com\/index.php?rest_route=\/wp\/v2\/pages"}],"about":[{"href":"https:\/\/invertixbcn.com\/index.php?rest_route=\/wp\/v2\/types\/page"}],"author":[{"embeddable":true,"href":"https:\/\/invertixbcn.com\/index.php?rest_route=\/wp\/v2\/users\/1"}],"replies":[{"embeddable":true,"href":"https:\/\/invertixbcn.com\/index.php?rest_route=%2Fwp%2Fv2%2Fcomments&post=92"}],"version-history":[{"count":4,"href":"https:\/\/invertixbcn.com\/index.php?rest_route=\/wp\/v2\/pages\/92\/revisions"}],"predecessor-version":[{"id":348,"href":"https:\/\/invertixbcn.com\/index.php?rest_route=\/wp\/v2\/pages\/92\/revisions\/348"}],"wp:attachment":[{"href":"https:\/\/invertixbcn.com\/index.php?rest_route=%2Fwp%2Fv2%2Fmedia&parent=92"}],"curies":[{"name":"wp","href":"https:\/\/api.w.org\/{rel}","templated":true}]}}